{"id":20023,"date":"2024-04-22T12:30:25","date_gmt":"2024-04-22T12:30:25","guid":{"rendered":"https:\/\/aimdoll.com\/product\/inflatable-goth-mini-teen-blue-porn-silicone-pony-japanese-doll\/"},"modified":"2024-05-10T04:56:34","modified_gmt":"2024-05-10T04:56:34","slug":"inflatable-goth-mini-teen-blue-porn-silicone-pony-japanese-doll","status":"publish","type":"product","link":"https:\/\/zootdoll.com\/it\/product\/bambola-giapponese-gonfiabile-gotica-mini-teenager-blu-porno-in-silicone-pony\/","title":{"rendered":"Mini bambola giapponese pony goth gonfiabile in silicone porno blu per adolescenti"},"content":{"rendered":"<p>Questa \u00e8 una bambola gonfiabile del sesso My Little Pony che ha tutte le caratteristiche necessarie per una stimolazione completamente realistica. Questo perch\u00e9 questa mini bambola del sesso gotica ha l&#039;aspetto di una bambola adolescente premium della vita reale per scopate sessuali. Dalla costruzione sexy di una mini bambola dell&#039;amore da 140 cm. Ai giovani attributi di una bambola del sesso da 100 cm per adolescenti con petto piatto e occhi azzurri. Questa bambola in silicone da 140 cm \u00e8 perfetta per il mini porno HD con bambole vere. Quindi, con questa mia piccola bambola reale per l&#039;inflazione della bambola del sesso. Puoi aspettarti livelli profondi di simulazione immersiva. Quindi, rendi questa bambola del sesso giapponese per adolescenti il compagno perfetto per le tue esigenze.<\/p>\n<p>Inoltre, questa piccola bambola giapponese per adolescenti \u00e8 estremamente resistente. Ci\u00f2 \u00e8 dovuto all&#039;uso di materiali siliconici di grado medico nel processo di produzione. Quindi questa vera bambola realistica garantisce la tua completa soddisfazione.<\/p>\n<p>&nbsp;<\/p>\n\t\t<div data-elementor-type=\"section\" data-elementor-id=\"15956\" class=\"elementor elementor-15956\" data-elementor-post-type=\"elementor_library\">\n\t\t\t<div class=\"wd-negative-gap elementor-element elementor-element-e744d45 e-flex e-con-boxed e-con e-parent\" data-id=\"e744d45\" data-element_type=\"container\">\n\t\t\t\t\t<div class=\"e-con-inner\">\n\t\t<div class=\"wd-negative-gap elementor-element elementor-element-2abc4734 e-flex e-con-boxed e-con e-child\" data-id=\"2abc4734\" data-element_type=\"container\">\n\t\t\t\t\t<div class=\"e-con-inner\">\n\t\t<div class=\"wd-negative-gap elementor-element elementor-element-e4e90d0 e-flex e-con-boxed e-con e-child\" data-id=\"e4e90d0\" data-element_type=\"container\">\n\t\t\t\t\t<div class=\"e-con-inner\">\n\t\t\t\t<div class=\"elementor-element elementor-element-2191b1a4 elementor-cta--skin-cover elementor-animated-content elementor-bg-transform elementor-bg-transform-zoom-in elementor-widget elementor-widget-call-to-action\" data-id=\"2191b1a4\" data-element_type=\"widget\" data-widget_type=\"call-to-action.default\">\n\t\t\t\t<div class=\"elementor-widget-container\">\n\t\t\t\t\t<a class=\"elementor-cta\" href=\"https:\/\/zootdoll.com\/it\/immagini-di-bambole-del-sesso\/\">\n\t\t\t\t\t<div class=\"elementor-cta__bg-wrapper\">\n\t\t\t\t<div class=\"elementor-cta__bg elementor-bg\" style=\"background-image: url(https:\/\/zootdoll.com\/wp-content\/uploads\/2024\/04\/redirect.jpg);\" role=\"img\" aria-label=\"reindirizzare\"><\/div>\n\t\t\t\t<div class=\"elementor-cta__bg-overlay\"><\/div>\n\t\t\t<\/div>\n\t\t\t\t\t\t\t<div class=\"elementor-cta__content\">\n\t\t\t\t\n\t\t\t\t\t\t\t\t\t<h2 class=\"elementor-cta__title elementor-cta__content-item elementor-content-item elementor-animated-item--grow\">\n\t\t\t\t\t\tOltre 2500 piccole mini bambole sessuali <\/br>sexdollxxx.com\t\t\t\t\t<\/h2>\n\t\t\t\t\n\t\t\t\t\t\t\t\t\t<div class=\"elementor-cta__description elementor-cta__content-item elementor-content-item elementor-animated-item--grow\">\n\t\t\t\t\t\t40 cm, 60 cm, 80 cm, 100 cm, 120 cm, 140 cm\t\t\t\t\t<\/div>\n\t\t\t\t\n\t\t\t\t\t\t\t\t\t<div class=\"elementor-cta__button-wrapper elementor-cta__content-item elementor-content-item elementor-animated-item--grow\">\n\t\t\t\t\t<span class=\"elementor-cta__button elementor-button elementor-size-md\">\n\t\t\t\t\t\tAcquistare ora\t\t\t\t\t<\/span>\n\t\t\t\t\t<\/div>\n\t\t\t\t\t\t\t<\/div>\n\t\t\t\t\t\t<\/a>\n\t\t\t\t<\/div>\n\t\t\t\t<\/div>\n\t\t\t\t\t<\/div>\n\t\t\t\t<\/div>\n\t\t\t\t\t<\/div>\n\t\t\t\t<\/div>\n\t\t\t\t\t<\/div>\n\t\t\t\t<\/div>\n\t\t\t\t<\/div>","protected":false},"excerpt":{"rendered":"<div data-elementor-type=\"section\" data-elementor-id=\"15952\" class=\"elementor elementor-15952\" data-elementor-post-type=\"elementor_library\">\n<div class=\"wd-negative-gap elementor-element elementor-element-49f97e26 e-flex e-con-boxed e-con e-parent\" data-id=\"49f97e26\" data-element_type=\"container\">\n<div class=\"e-con-inner\">\n<div class=\"wd-negative-gap elementor-element elementor-element-449b9556 e-flex e-con-boxed e-con e-child\" data-id=\"449b9556\" data-element_type=\"container\">\n<div class=\"e-con-inner\">\n<div class=\"elementor-element elementor-element-613a7c10 elementor-cta--skin-cover elementor-animated-content elementor-bg-transform elementor-bg-transform-zoom-in elementor-widget elementor-widget-call-to-action\" data-id=\"613a7c10\" data-element_type=\"widget\" data-widget_type=\"call-to-action.default\">\n<div class=\"elementor-widget-container\">\n\t\t\t<link rel=\"stylesheet\" href=\"https:\/\/zootdoll.com\/wp-content\/uploads\/elementor\/css\/custom-pro-widget-call-to-action.min.css?ver=1716083649\">\t\t<a class=\"elementor-cta\" href=\"https:\/\/zootdoll.com\/it\/immagini-di-bambole-del-sesso\/\"><\/p>\n<div class=\"elementor-cta__bg-wrapper\">\n<div class=\"elementor-cta__bg elementor-bg\" style=\"background-image: url(https:\/\/zootdoll.com\/wp-content\/uploads\/2024\/04\/redirect-1.jpg);\" role=\"img\" aria-label=\"reindirizzamento.jpg\"><\/div>\n<div class=\"elementor-cta__bg-overlay\"><\/div>\n<\/p><\/div>\n<div class=\"elementor-cta__content\">\n<h2 class=\"elementor-cta__title elementor-cta__content-item elementor-content-item elementor-animated-item--grow\">\n\t\t\t\t\t\tOltre 2500 piccole mini bambole sessuali <\/br>sexdollxxx.com\t\t\t\t\t<\/h2>\n<div class=\"elementor-cta__description elementor-cta__content-item elementor-content-item elementor-animated-item--grow\">\n\t\t\t\t\t\t40 cm, 60 cm, 80 cm, 100 cm, 120 cm, 140 cm\t\t\t\t\t<\/div>\n<div class=\"elementor-cta__button-wrapper elementor-cta__content-item elementor-content-item elementor-animated-item--grow\">\n\t\t\t\t\t<span class=\"elementor-cta__button elementor-button elementor-size-md\"><br \/>\n\t\t\t\t\t\tAcquistare ora\t\t\t\t\t<\/span>\n\t\t\t\t\t<\/div>\n<\/p><\/div>\n<p>\t\t\t\t\t\t<\/a>\n\t\t\t\t<\/div>\n<\/p><\/div>\n<\/p><\/div>\n<\/p><\/div>\n<\/p><\/div>\n<\/p><\/div>\n<\/p><\/div>","protected":false},"featured_media":15950,"comment_status":"closed","ping_status":"closed","template":"","meta":[],"product_cat":[778,795,775],"product_tag":[],"aioseo_notices":[],"_links":{"self":[{"href":"https:\/\/zootdoll.com\/it\/wp-json\/wp\/v2\/product\/20023"}],"collection":[{"href":"https:\/\/zootdoll.com\/it\/wp-json\/wp\/v2\/product"}],"about":[{"href":"https:\/\/zootdoll.com\/it\/wp-json\/wp\/v2\/types\/product"}],"replies":[{"embeddable":true,"href":"https:\/\/zootdoll.com\/it\/wp-json\/wp\/v2\/comments?post=20023"}],"version-history":[{"count":1,"href":"https:\/\/zootdoll.com\/it\/wp-json\/wp\/v2\/product\/20023\/revisions"}],"predecessor-version":[{"id":20024,"href":"https:\/\/zootdoll.com\/it\/wp-json\/wp\/v2\/product\/20023\/revisions\/20024"}],"wp:featuredmedia":[{"embeddable":true,"href":"https:\/\/zootdoll.com\/it\/wp-json\/wp\/v2\/media\/15950"}],"wp:attachment":[{"href":"https:\/\/zootdoll.com\/it\/wp-json\/wp\/v2\/media?parent=20023"}],"wp:term":[{"taxonomy":"product_cat","embeddable":true,"href":"https:\/\/zootdoll.com\/it\/wp-json\/wp\/v2\/product_cat?post=20023"},{"taxonomy":"product_tag","embeddable":true,"href":"https:\/\/zootdoll.com\/it\/wp-json\/wp\/v2\/product_tag?post=20023"}],"curies":[{"name":"wp","href":"https:\/\/api.w.org\/{rel}","templated":true}]}}