{"id":20191,"date":"2024-04-22T12:30:40","date_gmt":"2024-04-22T12:30:40","guid":{"rendered":"https:\/\/aimdoll.com\/product\/riding-flat-prices-wm-chested-tiny-small-doll\/"},"modified":"2024-05-15T07:20:53","modified_gmt":"2024-05-15T07:20:53","slug":"riding-flat-prices-wm-chested-tiny-small-doll","status":"publish","type":"product","link":"https:\/\/zootdoll.com\/it\/product\/cavalcando-prezzi-piatti-con-una-piccola-bambola-a-petto-piccolo\/","title":{"rendered":"Cavalcando prezzi piatti con una piccola bambola a petto piccolo"},"content":{"rendered":"<p>Questa \u00e8 una bambola del sesso per ragazze adolescenti di grande qualit\u00e0 che ha tutte le caratteristiche di una vera bambola del sesso con petto piatto da 100 cm di grande qualit\u00e0. Grazie ad una combinazione di grande aspetto realistico e sensazione elastica simile alla carne. Ogni momento in cui scopo la mia bambola del sesso da 120 cm promette di fornire una stimolazione adeguata.<\/p>\n<p>Inoltre, potrai goderti prezzi ragionevolmente convenienti per le bambole del sesso da 100 cm con questa mini bambola reale replica della bambola del sesso. Pertanto, ogni momento dell&#039;utilizzo di una bambola del sesso wm doll garantir\u00e0 un piacere intenso. Ci\u00f2 \u00e8 dovuto alla sensazione elastica di un paio di seni realistici per una mini bambola del sesso. Alle morbide curve tremolanti dove dovrebbero essere. Questa vera bambola del sesso con seno piccolo Jarliet ha la sensazione che somiglia molto al vero affare.<\/p>\n<p>Inoltre, stare con questa piccola bambola del sesso a petto piatto e fare sesso promette di sentirsi proprio come stare con un vero essere umano vivo.<\/p>\n<p>&nbsp;<\/p>\n\t\t<div data-elementor-type=\"section\" data-elementor-id=\"15956\" class=\"elementor elementor-15956\" data-elementor-post-type=\"elementor_library\">\n\t\t\t<div class=\"wd-negative-gap elementor-element elementor-element-e744d45 e-flex e-con-boxed e-con e-parent\" data-id=\"e744d45\" data-element_type=\"container\">\n\t\t\t\t\t<div class=\"e-con-inner\">\n\t\t<div class=\"wd-negative-gap elementor-element elementor-element-2abc4734 e-flex e-con-boxed e-con e-child\" data-id=\"2abc4734\" data-element_type=\"container\">\n\t\t\t\t\t<div class=\"e-con-inner\">\n\t\t<div class=\"wd-negative-gap elementor-element elementor-element-e4e90d0 e-flex e-con-boxed e-con e-child\" data-id=\"e4e90d0\" data-element_type=\"container\">\n\t\t\t\t\t<div class=\"e-con-inner\">\n\t\t\t\t<div class=\"elementor-element elementor-element-2191b1a4 elementor-cta--skin-cover elementor-animated-content elementor-bg-transform elementor-bg-transform-zoom-in elementor-widget elementor-widget-call-to-action\" data-id=\"2191b1a4\" data-element_type=\"widget\" data-widget_type=\"call-to-action.default\">\n\t\t\t\t<div class=\"elementor-widget-container\">\n\t\t\t\t\t<a class=\"elementor-cta\" href=\"https:\/\/zootdoll.com\/it\/immagini-di-bambole-del-sesso\/\">\n\t\t\t\t\t<div class=\"elementor-cta__bg-wrapper\">\n\t\t\t\t<div class=\"elementor-cta__bg elementor-bg\" style=\"background-image: url(https:\/\/zootdoll.com\/wp-content\/uploads\/2024\/04\/redirect.jpg);\" role=\"img\" aria-label=\"reindirizzare\"><\/div>\n\t\t\t\t<div class=\"elementor-cta__bg-overlay\"><\/div>\n\t\t\t<\/div>\n\t\t\t\t\t\t\t<div class=\"elementor-cta__content\">\n\t\t\t\t\n\t\t\t\t\t\t\t\t\t<h2 class=\"elementor-cta__title elementor-cta__content-item elementor-content-item elementor-animated-item--grow\">\n\t\t\t\t\t\tOltre 2500 piccole mini bambole sessuali <\/br>sexdollxxx.com\t\t\t\t\t<\/h2>\n\t\t\t\t\n\t\t\t\t\t\t\t\t\t<div class=\"elementor-cta__description elementor-cta__content-item elementor-content-item elementor-animated-item--grow\">\n\t\t\t\t\t\t40 cm, 60 cm, 80 cm, 100 cm, 120 cm, 140 cm\t\t\t\t\t<\/div>\n\t\t\t\t\n\t\t\t\t\t\t\t\t\t<div class=\"elementor-cta__button-wrapper elementor-cta__content-item elementor-content-item elementor-animated-item--grow\">\n\t\t\t\t\t<span class=\"elementor-cta__button elementor-button elementor-size-md\">\n\t\t\t\t\t\tAcquistare ora\t\t\t\t\t<\/span>\n\t\t\t\t\t<\/div>\n\t\t\t\t\t\t\t<\/div>\n\t\t\t\t\t\t<\/a>\n\t\t\t\t<\/div>\n\t\t\t\t<\/div>\n\t\t\t\t\t<\/div>\n\t\t\t\t<\/div>\n\t\t\t\t\t<\/div>\n\t\t\t\t<\/div>\n\t\t\t\t\t<\/div>\n\t\t\t\t<\/div>\n\t\t\t\t<\/div>","protected":false},"excerpt":{"rendered":"<div data-elementor-type=\"section\" data-elementor-id=\"15952\" class=\"elementor elementor-15952\" data-elementor-post-type=\"elementor_library\">\n<div class=\"wd-negative-gap elementor-element elementor-element-49f97e26 e-flex e-con-boxed e-con e-parent\" data-id=\"49f97e26\" data-element_type=\"container\">\n<div class=\"e-con-inner\">\n<div class=\"wd-negative-gap elementor-element elementor-element-449b9556 e-flex e-con-boxed e-con e-child\" data-id=\"449b9556\" data-element_type=\"container\">\n<div class=\"e-con-inner\">\n<div class=\"elementor-element elementor-element-613a7c10 elementor-cta--skin-cover elementor-animated-content elementor-bg-transform elementor-bg-transform-zoom-in elementor-widget elementor-widget-call-to-action\" data-id=\"613a7c10\" data-element_type=\"widget\" data-widget_type=\"call-to-action.default\">\n<div class=\"elementor-widget-container\">\n\t\t\t<link rel=\"stylesheet\" href=\"https:\/\/zootdoll.com\/wp-content\/uploads\/elementor\/css\/custom-pro-widget-call-to-action.min.css?ver=1716083649\">\t\t<a class=\"elementor-cta\" href=\"https:\/\/zootdoll.com\/it\/immagini-di-bambole-del-sesso\/\"><\/p>\n<div class=\"elementor-cta__bg-wrapper\">\n<div class=\"elementor-cta__bg elementor-bg\" style=\"background-image: url(https:\/\/zootdoll.com\/wp-content\/uploads\/2024\/04\/redirect-1.jpg);\" role=\"img\" aria-label=\"reindirizzamento.jpg\"><\/div>\n<div class=\"elementor-cta__bg-overlay\"><\/div>\n<\/p><\/div>\n<div class=\"elementor-cta__content\">\n<h2 class=\"elementor-cta__title elementor-cta__content-item elementor-content-item elementor-animated-item--grow\">\n\t\t\t\t\t\tOltre 2500 piccole mini bambole sessuali <\/br>sexdollxxx.com\t\t\t\t\t<\/h2>\n<div class=\"elementor-cta__description elementor-cta__content-item elementor-content-item elementor-animated-item--grow\">\n\t\t\t\t\t\t40 cm, 60 cm, 80 cm, 100 cm, 120 cm, 140 cm\t\t\t\t\t<\/div>\n<div class=\"elementor-cta__button-wrapper elementor-cta__content-item elementor-content-item elementor-animated-item--grow\">\n\t\t\t\t\t<span class=\"elementor-cta__button elementor-button elementor-size-md\"><br \/>\n\t\t\t\t\t\tAcquistare ora\t\t\t\t\t<\/span>\n\t\t\t\t\t<\/div>\n<\/p><\/div>\n<p>\t\t\t\t\t\t<\/a>\n\t\t\t\t<\/div>\n<\/p><\/div>\n<\/p><\/div>\n<\/p><\/div>\n<\/p><\/div>\n<\/p><\/div>\n<\/p><\/div>","protected":false},"featured_media":15950,"comment_status":"closed","ping_status":"closed","template":"","meta":[],"product_cat":[803,786,782],"product_tag":[],"aioseo_notices":[],"_links":{"self":[{"href":"https:\/\/zootdoll.com\/it\/wp-json\/wp\/v2\/product\/20191"}],"collection":[{"href":"https:\/\/zootdoll.com\/it\/wp-json\/wp\/v2\/product"}],"about":[{"href":"https:\/\/zootdoll.com\/it\/wp-json\/wp\/v2\/types\/product"}],"replies":[{"embeddable":true,"href":"https:\/\/zootdoll.com\/it\/wp-json\/wp\/v2\/comments?post=20191"}],"version-history":[{"count":1,"href":"https:\/\/zootdoll.com\/it\/wp-json\/wp\/v2\/product\/20191\/revisions"}],"predecessor-version":[{"id":20192,"href":"https:\/\/zootdoll.com\/it\/wp-json\/wp\/v2\/product\/20191\/revisions\/20192"}],"wp:featuredmedia":[{"embeddable":true,"href":"https:\/\/zootdoll.com\/it\/wp-json\/wp\/v2\/media\/15950"}],"wp:attachment":[{"href":"https:\/\/zootdoll.com\/it\/wp-json\/wp\/v2\/media?parent=20191"}],"wp:term":[{"taxonomy":"product_cat","embeddable":true,"href":"https:\/\/zootdoll.com\/it\/wp-json\/wp\/v2\/product_cat?post=20191"},{"taxonomy":"product_tag","embeddable":true,"href":"https:\/\/zootdoll.com\/it\/wp-json\/wp\/v2\/product_tag?post=20191"}],"curies":[{"name":"wp","href":"https:\/\/api.w.org\/{rel}","templated":true}]}}