{"id":20351,"date":"2024-04-22T12:30:57","date_gmt":"2024-04-22T12:30:57","guid":{"rendered":"https:\/\/aimdoll.com\/product\/100cm-silicon-sex-doll-big-ass-asia\/"},"modified":"2024-05-15T08:10:51","modified_gmt":"2024-05-15T08:10:51","slug":"100cm-silicon-sex-doll-big-ass-asia","status":"publish","type":"product","link":"https:\/\/zootdoll.com\/it\/product\/bambola-del-sesso-in-silicone-da-100-cm-culo-grosso-asiatico\/","title":{"rendered":"Bambola del sesso in silicone da 100 cm, culo grosso, Asia"},"content":{"rendered":"<p>La nostra recente aggiunta ai video di scopate con piccole bambole del sesso \u00e8 un creampie lolita in silicone di 100 cm. \u00c8 pieno di dettagli intricati e di eccellente fattura, quindi non ti annoierai affatto a guardarlo.<\/p>\n<p>Questa bambola del sesso alta 100 cm \u00e8 carina e piccola con una dimensione di 65 cm. Pu\u00f2 aiutarti a realizzare i tuoi sogni pi\u00f9 grandi. Realizzata in buon silicone per uso medico, la bambola del sesso giapponese Loli ha un vero tocco simile alla pelle e si muove come una persona. Questo rende l&#039;esperienza molto realistica.<\/p>\n<p>Il viso caldo sul culone della piccola bambola dell&#039;amore lo rende attraente e le linee delicate evidenziano ogni parte del suo corpo dalla forma perfetta. Con occhi forti e profondi e labbra carnose, la giovane bambola del sesso Asia ha cos\u00ec tanta energia eccitante che ti far\u00e0 venire voglia di vederla di nuovo.<\/p>\n<p>&nbsp;<\/p>\n\t\t<div data-elementor-type=\"section\" data-elementor-id=\"15956\" class=\"elementor elementor-15956\" data-elementor-post-type=\"elementor_library\">\n\t\t\t<div class=\"wd-negative-gap elementor-element elementor-element-e744d45 e-flex e-con-boxed e-con e-parent\" data-id=\"e744d45\" data-element_type=\"container\">\n\t\t\t\t\t<div class=\"e-con-inner\">\n\t\t<div class=\"wd-negative-gap elementor-element elementor-element-2abc4734 e-flex e-con-boxed e-con e-child\" data-id=\"2abc4734\" data-element_type=\"container\">\n\t\t\t\t\t<div class=\"e-con-inner\">\n\t\t<div class=\"wd-negative-gap elementor-element elementor-element-e4e90d0 e-flex e-con-boxed e-con e-child\" data-id=\"e4e90d0\" data-element_type=\"container\">\n\t\t\t\t\t<div class=\"e-con-inner\">\n\t\t\t\t<div class=\"elementor-element elementor-element-2191b1a4 elementor-cta--skin-cover elementor-animated-content elementor-bg-transform elementor-bg-transform-zoom-in elementor-widget elementor-widget-call-to-action\" data-id=\"2191b1a4\" data-element_type=\"widget\" data-widget_type=\"call-to-action.default\">\n\t\t\t\t<div class=\"elementor-widget-container\">\n\t\t\t\t\t<a class=\"elementor-cta\" href=\"https:\/\/zootdoll.com\/it\/immagini-di-bambole-del-sesso\/\">\n\t\t\t\t\t<div class=\"elementor-cta__bg-wrapper\">\n\t\t\t\t<div class=\"elementor-cta__bg elementor-bg\" style=\"background-image: url(https:\/\/zootdoll.com\/wp-content\/uploads\/2024\/04\/redirect.jpg);\" role=\"img\" aria-label=\"reindirizzare\"><\/div>\n\t\t\t\t<div class=\"elementor-cta__bg-overlay\"><\/div>\n\t\t\t<\/div>\n\t\t\t\t\t\t\t<div class=\"elementor-cta__content\">\n\t\t\t\t\n\t\t\t\t\t\t\t\t\t<h2 class=\"elementor-cta__title elementor-cta__content-item elementor-content-item elementor-animated-item--grow\">\n\t\t\t\t\t\tOltre 2500 piccole mini bambole sessuali <\/br>sexdollxxx.com\t\t\t\t\t<\/h2>\n\t\t\t\t\n\t\t\t\t\t\t\t\t\t<div class=\"elementor-cta__description elementor-cta__content-item elementor-content-item elementor-animated-item--grow\">\n\t\t\t\t\t\t40 cm, 60 cm, 80 cm, 100 cm, 120 cm, 140 cm\t\t\t\t\t<\/div>\n\t\t\t\t\n\t\t\t\t\t\t\t\t\t<div class=\"elementor-cta__button-wrapper elementor-cta__content-item elementor-content-item elementor-animated-item--grow\">\n\t\t\t\t\t<span class=\"elementor-cta__button elementor-button elementor-size-md\">\n\t\t\t\t\t\tAcquistare ora\t\t\t\t\t<\/span>\n\t\t\t\t\t<\/div>\n\t\t\t\t\t\t\t<\/div>\n\t\t\t\t\t\t<\/a>\n\t\t\t\t<\/div>\n\t\t\t\t<\/div>\n\t\t\t\t\t<\/div>\n\t\t\t\t<\/div>\n\t\t\t\t\t<\/div>\n\t\t\t\t<\/div>\n\t\t\t\t\t<\/div>\n\t\t\t\t<\/div>\n\t\t\t\t<\/div>","protected":false},"excerpt":{"rendered":"<div data-elementor-type=\"section\" data-elementor-id=\"15952\" class=\"elementor elementor-15952\" data-elementor-post-type=\"elementor_library\">\n<div class=\"wd-negative-gap elementor-element elementor-element-49f97e26 e-flex e-con-boxed e-con e-parent\" data-id=\"49f97e26\" data-element_type=\"container\">\n<div class=\"e-con-inner\">\n<div class=\"wd-negative-gap elementor-element elementor-element-449b9556 e-flex e-con-boxed e-con e-child\" data-id=\"449b9556\" data-element_type=\"container\">\n<div class=\"e-con-inner\">\n<div class=\"elementor-element elementor-element-613a7c10 elementor-cta--skin-cover elementor-animated-content elementor-bg-transform elementor-bg-transform-zoom-in elementor-widget elementor-widget-call-to-action\" data-id=\"613a7c10\" data-element_type=\"widget\" data-widget_type=\"call-to-action.default\">\n<div class=\"elementor-widget-container\">\n\t\t\t<link rel=\"stylesheet\" href=\"https:\/\/zootdoll.com\/wp-content\/uploads\/elementor\/css\/custom-pro-widget-call-to-action.min.css?ver=1716083649\">\t\t<a class=\"elementor-cta\" href=\"https:\/\/zootdoll.com\/it\/immagini-di-bambole-del-sesso\/\"><\/p>\n<div class=\"elementor-cta__bg-wrapper\">\n<div class=\"elementor-cta__bg elementor-bg\" style=\"background-image: url(https:\/\/zootdoll.com\/wp-content\/uploads\/2024\/04\/redirect-1.jpg);\" role=\"img\" aria-label=\"reindirizzamento.jpg\"><\/div>\n<div class=\"elementor-cta__bg-overlay\"><\/div>\n<\/p><\/div>\n<div class=\"elementor-cta__content\">\n<h2 class=\"elementor-cta__title elementor-cta__content-item elementor-content-item elementor-animated-item--grow\">\n\t\t\t\t\t\tOltre 2500 piccole mini bambole sessuali <\/br>sexdollxxx.com\t\t\t\t\t<\/h2>\n<div class=\"elementor-cta__description elementor-cta__content-item elementor-content-item elementor-animated-item--grow\">\n\t\t\t\t\t\t40 cm, 60 cm, 80 cm, 100 cm, 120 cm, 140 cm\t\t\t\t\t<\/div>\n<div class=\"elementor-cta__button-wrapper elementor-cta__content-item elementor-content-item elementor-animated-item--grow\">\n\t\t\t\t\t<span class=\"elementor-cta__button elementor-button elementor-size-md\"><br \/>\n\t\t\t\t\t\tAcquistare ora\t\t\t\t\t<\/span>\n\t\t\t\t\t<\/div>\n<\/p><\/div>\n<p>\t\t\t\t\t\t<\/a>\n\t\t\t\t<\/div>\n<\/p><\/div>\n<\/p><\/div>\n<\/p><\/div>\n<\/p><\/div>\n<\/p><\/div>\n<\/p><\/div>","protected":false},"featured_media":15950,"comment_status":"closed","ping_status":"closed","template":"","meta":[],"product_cat":[807,775,776],"product_tag":[],"aioseo_notices":[],"_links":{"self":[{"href":"https:\/\/zootdoll.com\/it\/wp-json\/wp\/v2\/product\/20351"}],"collection":[{"href":"https:\/\/zootdoll.com\/it\/wp-json\/wp\/v2\/product"}],"about":[{"href":"https:\/\/zootdoll.com\/it\/wp-json\/wp\/v2\/types\/product"}],"replies":[{"embeddable":true,"href":"https:\/\/zootdoll.com\/it\/wp-json\/wp\/v2\/comments?post=20351"}],"version-history":[{"count":1,"href":"https:\/\/zootdoll.com\/it\/wp-json\/wp\/v2\/product\/20351\/revisions"}],"predecessor-version":[{"id":20352,"href":"https:\/\/zootdoll.com\/it\/wp-json\/wp\/v2\/product\/20351\/revisions\/20352"}],"wp:featuredmedia":[{"embeddable":true,"href":"https:\/\/zootdoll.com\/it\/wp-json\/wp\/v2\/media\/15950"}],"wp:attachment":[{"href":"https:\/\/zootdoll.com\/it\/wp-json\/wp\/v2\/media?parent=20351"}],"wp:term":[{"taxonomy":"product_cat","embeddable":true,"href":"https:\/\/zootdoll.com\/it\/wp-json\/wp\/v2\/product_cat?post=20351"},{"taxonomy":"product_tag","embeddable":true,"href":"https:\/\/zootdoll.com\/it\/wp-json\/wp\/v2\/product_tag?post=20351"}],"curies":[{"name":"wp","href":"https:\/\/api.w.org\/{rel}","templated":true}]}}