{"id":20781,"date":"2024-04-22T12:31:40","date_gmt":"2024-04-22T12:31:40","guid":{"rendered":"https:\/\/aimdoll.com\/product\/real-teen-sakura-haruno-huge-boobs-sex-doll\/"},"modified":"2024-05-06T08:30:19","modified_gmt":"2024-05-06T08:30:19","slug":"real-teen-sakura-haruno-huge-boobs-sex-doll","status":"publish","type":"product","link":"https:\/\/zootdoll.com\/it\/product\/vera-bambola-del-sesso-per-adolescenti-sakura-haruno-con-tette-enormi\/","title":{"rendered":"Vera bambola del sesso per adolescenti Sakura Haruno con tette enormi"},"content":{"rendered":"<p>La bambola del sesso dal corpo piccolo con tette enormi \u00e8 un regalo per gli uomini che amano il seno grande. La piccola bambola del sesso Sakura Haruno ha parti sessuali staccabili che puoi scambiare come preferisci. Ordinare parrucche per bambole del sesso da 100 cm insieme alla piccola bambola del sesso Managa aiuta i giochi di vestire.<\/p>\n<p>&nbsp;<\/p>\n<p>Se sei tra quelli che pensano che mi piaccia farmi scopare una bambola del sesso di 15 anni, allora la bambola del sesso economica da 140 cm calmer\u00e0 il tuo rave sessuale. Una piccola bambola d&#039;amore in silicone per adolescenti \u00e8 un&#039;esperta di pompini. Le sue tette e i suoi culi sono progettati per evocare sentimenti di eccitazione. La piccola bambola del sesso Sakura Haruno ha tutto il corpo color carne e il morbido canale vaginale \u00e8 pieno di protuberanze per la tua esplorazione.<\/p>\n<p>&nbsp;<\/p>\n<p>Una cosa bella della giovane bambola del sesso per adolescenti da 106 cm \u00e8 che \u00e8 una vera bambola per ragazze sadomaso di 18 anni. Ci\u00f2 significa che ti sottometterai a ogni mossa che farai durante il sesso.<\/p>\n<p>&nbsp;<\/p>\n<p>&nbsp;<\/p>\n\t\t<div data-elementor-type=\"section\" data-elementor-id=\"15956\" class=\"elementor elementor-15956\" data-elementor-post-type=\"elementor_library\">\n\t\t\t<div class=\"wd-negative-gap elementor-element elementor-element-e744d45 e-flex e-con-boxed e-con e-parent\" data-id=\"e744d45\" data-element_type=\"container\">\n\t\t\t\t\t<div class=\"e-con-inner\">\n\t\t<div class=\"wd-negative-gap elementor-element elementor-element-2abc4734 e-flex e-con-boxed e-con e-child\" data-id=\"2abc4734\" data-element_type=\"container\">\n\t\t\t\t\t<div class=\"e-con-inner\">\n\t\t<div class=\"wd-negative-gap elementor-element elementor-element-e4e90d0 e-flex e-con-boxed e-con e-child\" data-id=\"e4e90d0\" data-element_type=\"container\">\n\t\t\t\t\t<div class=\"e-con-inner\">\n\t\t\t\t<div class=\"elementor-element elementor-element-2191b1a4 elementor-cta--skin-cover elementor-animated-content elementor-bg-transform elementor-bg-transform-zoom-in elementor-widget elementor-widget-call-to-action\" data-id=\"2191b1a4\" data-element_type=\"widget\" data-widget_type=\"call-to-action.default\">\n\t\t\t\t<div class=\"elementor-widget-container\">\n\t\t\t\t\t<a class=\"elementor-cta\" href=\"https:\/\/zootdoll.com\/it\/immagini-di-bambole-del-sesso\/\">\n\t\t\t\t\t<div class=\"elementor-cta__bg-wrapper\">\n\t\t\t\t<div class=\"elementor-cta__bg elementor-bg\" style=\"background-image: url(https:\/\/zootdoll.com\/wp-content\/uploads\/2024\/04\/redirect.jpg);\" role=\"img\" aria-label=\"reindirizzare\"><\/div>\n\t\t\t\t<div class=\"elementor-cta__bg-overlay\"><\/div>\n\t\t\t<\/div>\n\t\t\t\t\t\t\t<div class=\"elementor-cta__content\">\n\t\t\t\t\n\t\t\t\t\t\t\t\t\t<h2 class=\"elementor-cta__title elementor-cta__content-item elementor-content-item elementor-animated-item--grow\">\n\t\t\t\t\t\tOltre 2500 piccole mini bambole sessuali <\/br>sexdollxxx.com\t\t\t\t\t<\/h2>\n\t\t\t\t\n\t\t\t\t\t\t\t\t\t<div class=\"elementor-cta__description elementor-cta__content-item elementor-content-item elementor-animated-item--grow\">\n\t\t\t\t\t\t40 cm, 60 cm, 80 cm, 100 cm, 120 cm, 140 cm\t\t\t\t\t<\/div>\n\t\t\t\t\n\t\t\t\t\t\t\t\t\t<div class=\"elementor-cta__button-wrapper elementor-cta__content-item elementor-content-item elementor-animated-item--grow\">\n\t\t\t\t\t<span class=\"elementor-cta__button elementor-button elementor-size-md\">\n\t\t\t\t\t\tAcquistare ora\t\t\t\t\t<\/span>\n\t\t\t\t\t<\/div>\n\t\t\t\t\t\t\t<\/div>\n\t\t\t\t\t\t<\/a>\n\t\t\t\t<\/div>\n\t\t\t\t<\/div>\n\t\t\t\t\t<\/div>\n\t\t\t\t<\/div>\n\t\t\t\t\t<\/div>\n\t\t\t\t<\/div>\n\t\t\t\t\t<\/div>\n\t\t\t\t<\/div>\n\t\t\t\t<\/div>","protected":false},"excerpt":{"rendered":"<div data-elementor-type=\"section\" data-elementor-id=\"15952\" class=\"elementor elementor-15952\" data-elementor-post-type=\"elementor_library\">\n<div class=\"wd-negative-gap elementor-element elementor-element-49f97e26 e-flex e-con-boxed e-con e-parent\" data-id=\"49f97e26\" data-element_type=\"container\">\n<div class=\"e-con-inner\">\n<div class=\"wd-negative-gap elementor-element elementor-element-449b9556 e-flex e-con-boxed e-con e-child\" data-id=\"449b9556\" data-element_type=\"container\">\n<div class=\"e-con-inner\">\n<div class=\"elementor-element elementor-element-613a7c10 elementor-cta--skin-cover elementor-animated-content elementor-bg-transform elementor-bg-transform-zoom-in elementor-widget elementor-widget-call-to-action\" data-id=\"613a7c10\" data-element_type=\"widget\" data-widget_type=\"call-to-action.default\">\n<div class=\"elementor-widget-container\">\n\t\t\t<link rel=\"stylesheet\" href=\"https:\/\/zootdoll.com\/wp-content\/uploads\/elementor\/css\/custom-pro-widget-call-to-action.min.css?ver=1716083649\">\t\t<a class=\"elementor-cta\" href=\"https:\/\/zootdoll.com\/it\/immagini-di-bambole-del-sesso\/\"><\/p>\n<div class=\"elementor-cta__bg-wrapper\">\n<div class=\"elementor-cta__bg elementor-bg\" style=\"background-image: url(https:\/\/zootdoll.com\/wp-content\/uploads\/2024\/04\/redirect-1.jpg);\" role=\"img\" aria-label=\"reindirizzamento.jpg\"><\/div>\n<div class=\"elementor-cta__bg-overlay\"><\/div>\n<\/p><\/div>\n<div class=\"elementor-cta__content\">\n<h2 class=\"elementor-cta__title elementor-cta__content-item elementor-content-item elementor-animated-item--grow\">\n\t\t\t\t\t\tOltre 2500 piccole mini bambole sessuali <\/br>sexdollxxx.com\t\t\t\t\t<\/h2>\n<div class=\"elementor-cta__description elementor-cta__content-item elementor-content-item elementor-animated-item--grow\">\n\t\t\t\t\t\t40 cm, 60 cm, 80 cm, 100 cm, 120 cm, 140 cm\t\t\t\t\t<\/div>\n<div class=\"elementor-cta__button-wrapper elementor-cta__content-item elementor-content-item elementor-animated-item--grow\">\n\t\t\t\t\t<span class=\"elementor-cta__button elementor-button elementor-size-md\"><br \/>\n\t\t\t\t\t\tAcquistare ora\t\t\t\t\t<\/span>\n\t\t\t\t\t<\/div>\n<\/p><\/div>\n<p>\t\t\t\t\t\t<\/a>\n\t\t\t\t<\/div>\n<\/p><\/div>\n<\/p><\/div>\n<\/p><\/div>\n<\/p><\/div>\n<\/p><\/div>\n<\/p><\/div>","protected":false},"featured_media":15950,"comment_status":"closed","ping_status":"closed","template":"","meta":[],"product_cat":[797,770,802],"product_tag":[],"aioseo_notices":[],"_links":{"self":[{"href":"https:\/\/zootdoll.com\/it\/wp-json\/wp\/v2\/product\/20781"}],"collection":[{"href":"https:\/\/zootdoll.com\/it\/wp-json\/wp\/v2\/product"}],"about":[{"href":"https:\/\/zootdoll.com\/it\/wp-json\/wp\/v2\/types\/product"}],"replies":[{"embeddable":true,"href":"https:\/\/zootdoll.com\/it\/wp-json\/wp\/v2\/comments?post=20781"}],"version-history":[{"count":1,"href":"https:\/\/zootdoll.com\/it\/wp-json\/wp\/v2\/product\/20781\/revisions"}],"predecessor-version":[{"id":20782,"href":"https:\/\/zootdoll.com\/it\/wp-json\/wp\/v2\/product\/20781\/revisions\/20782"}],"wp:featuredmedia":[{"embeddable":true,"href":"https:\/\/zootdoll.com\/it\/wp-json\/wp\/v2\/media\/15950"}],"wp:attachment":[{"href":"https:\/\/zootdoll.com\/it\/wp-json\/wp\/v2\/media?parent=20781"}],"wp:term":[{"taxonomy":"product_cat","embeddable":true,"href":"https:\/\/zootdoll.com\/it\/wp-json\/wp\/v2\/product_cat?post=20781"},{"taxonomy":"product_tag","embeddable":true,"href":"https:\/\/zootdoll.com\/it\/wp-json\/wp\/v2\/product_tag?post=20781"}],"curies":[{"name":"wp","href":"https:\/\/api.w.org\/{rel}","templated":true}]}}