{"id":20827,"date":"2024-04-22T12:31:44","date_gmt":"2024-04-22T12:31:44","guid":{"rendered":"https:\/\/aimdoll.com\/product\/crazy-japanese-mini-silicone-small-tits-sex-doll\/"},"modified":"2024-05-06T08:08:15","modified_gmt":"2024-05-06T08:08:15","slug":"crazy-japanese-mini-silicone-small-tits-sex-doll","status":"publish","type":"product","link":"https:\/\/zootdoll.com\/it\/product\/bambola-del-sesso-giapponese-pazza-con-tette-piccole-in-silicone-mini\/","title":{"rendered":"Mini bambola giapponese pazzesca in silicone con tette piccole"},"content":{"rendered":"<p>La mini bambola del sesso nana potrebbe essere adatta al tuo budget se ne hai una. Ma, quando decidi di spendere una fortuna, la bambola del sesso in silicone per adolescenti \u00e8 il tuo nemico. \u00c8 progettata per sembrare sempre eccitata con una vagina dall&#039;aspetto bagnato. Anche se fa parte della gamma di bambole del sesso in silicone, bambole con seni piccoli, quelle tette faranno infuriare i tuoi ormoni con l&#039;areola rosa.<\/p>\n<p>&nbsp;<\/p>\n<p>La legge statunitense legale sulla bambola del sesso Loli consente l&#039;ingresso di tutti i tipi di bambole del sesso. Con una pazza bambola giapponese dell&#039;amore per bambini, puoi saziare ripetutamente il tuo appetito sessuale. Acquistare una mini bambola del sesso con tette piccole da 120 cm va bene se ami le donne dal seno piccolo.<\/p>\n<p>&nbsp;<\/p>\n<p>Una regola quando si acquista dal negozio di acquisto di bambole del sesso Loli, \u00e8 necessario conoscere tutte le specifiche per la fottuta bambola in silicone del sesso per adolescenti. Ci\u00f2 aiuter\u00e0 i produttori di bambole del sesso a grandezza naturale a soddisfarti. Dal video sessuale della bambola del sesso per bambini, si vede l&#039;impatto dei giovani nudi della bambola del sesso.<\/p>\n<p>&nbsp;<\/p>\n\t\t<div data-elementor-type=\"section\" data-elementor-id=\"15956\" class=\"elementor elementor-15956\" data-elementor-post-type=\"elementor_library\">\n\t\t\t<div class=\"wd-negative-gap elementor-element elementor-element-e744d45 e-flex e-con-boxed e-con e-parent\" data-id=\"e744d45\" data-element_type=\"container\">\n\t\t\t\t\t<div class=\"e-con-inner\">\n\t\t<div class=\"wd-negative-gap elementor-element elementor-element-2abc4734 e-flex e-con-boxed e-con e-child\" data-id=\"2abc4734\" data-element_type=\"container\">\n\t\t\t\t\t<div class=\"e-con-inner\">\n\t\t<div class=\"wd-negative-gap elementor-element elementor-element-e4e90d0 e-flex e-con-boxed e-con e-child\" data-id=\"e4e90d0\" data-element_type=\"container\">\n\t\t\t\t\t<div class=\"e-con-inner\">\n\t\t\t\t<div class=\"elementor-element elementor-element-2191b1a4 elementor-cta--skin-cover elementor-animated-content elementor-bg-transform elementor-bg-transform-zoom-in elementor-widget elementor-widget-call-to-action\" data-id=\"2191b1a4\" data-element_type=\"widget\" data-widget_type=\"call-to-action.default\">\n\t\t\t\t<div class=\"elementor-widget-container\">\n\t\t\t\t\t<a class=\"elementor-cta\" href=\"https:\/\/zootdoll.com\/it\/immagini-di-bambole-del-sesso\/\">\n\t\t\t\t\t<div class=\"elementor-cta__bg-wrapper\">\n\t\t\t\t<div class=\"elementor-cta__bg elementor-bg\" style=\"background-image: url(https:\/\/zootdoll.com\/wp-content\/uploads\/2024\/04\/redirect.jpg);\" role=\"img\" aria-label=\"reindirizzare\"><\/div>\n\t\t\t\t<div class=\"elementor-cta__bg-overlay\"><\/div>\n\t\t\t<\/div>\n\t\t\t\t\t\t\t<div class=\"elementor-cta__content\">\n\t\t\t\t\n\t\t\t\t\t\t\t\t\t<h2 class=\"elementor-cta__title elementor-cta__content-item elementor-content-item elementor-animated-item--grow\">\n\t\t\t\t\t\tOltre 2500 piccole mini bambole sessuali <\/br>sexdollxxx.com\t\t\t\t\t<\/h2>\n\t\t\t\t\n\t\t\t\t\t\t\t\t\t<div class=\"elementor-cta__description elementor-cta__content-item elementor-content-item elementor-animated-item--grow\">\n\t\t\t\t\t\t40 cm, 60 cm, 80 cm, 100 cm, 120 cm, 140 cm\t\t\t\t\t<\/div>\n\t\t\t\t\n\t\t\t\t\t\t\t\t\t<div class=\"elementor-cta__button-wrapper elementor-cta__content-item elementor-content-item elementor-animated-item--grow\">\n\t\t\t\t\t<span class=\"elementor-cta__button elementor-button elementor-size-md\">\n\t\t\t\t\t\tAcquistare ora\t\t\t\t\t<\/span>\n\t\t\t\t\t<\/div>\n\t\t\t\t\t\t\t<\/div>\n\t\t\t\t\t\t<\/a>\n\t\t\t\t<\/div>\n\t\t\t\t<\/div>\n\t\t\t\t\t<\/div>\n\t\t\t\t<\/div>\n\t\t\t\t\t<\/div>\n\t\t\t\t<\/div>\n\t\t\t\t\t<\/div>\n\t\t\t\t<\/div>\n\t\t\t\t<\/div>","protected":false},"excerpt":{"rendered":"<div data-elementor-type=\"section\" data-elementor-id=\"15952\" class=\"elementor elementor-15952\" data-elementor-post-type=\"elementor_library\">\n<div class=\"wd-negative-gap elementor-element elementor-element-49f97e26 e-flex e-con-boxed e-con e-parent\" data-id=\"49f97e26\" data-element_type=\"container\">\n<div class=\"e-con-inner\">\n<div class=\"wd-negative-gap elementor-element elementor-element-449b9556 e-flex e-con-boxed e-con e-child\" data-id=\"449b9556\" data-element_type=\"container\">\n<div class=\"e-con-inner\">\n<div class=\"elementor-element elementor-element-613a7c10 elementor-cta--skin-cover elementor-animated-content elementor-bg-transform elementor-bg-transform-zoom-in elementor-widget elementor-widget-call-to-action\" data-id=\"613a7c10\" data-element_type=\"widget\" data-widget_type=\"call-to-action.default\">\n<div class=\"elementor-widget-container\">\n\t\t\t<link rel=\"stylesheet\" href=\"https:\/\/zootdoll.com\/wp-content\/uploads\/elementor\/css\/custom-pro-widget-call-to-action.min.css?ver=1716083649\">\t\t<a class=\"elementor-cta\" href=\"https:\/\/zootdoll.com\/it\/immagini-di-bambole-del-sesso\/\"><\/p>\n<div class=\"elementor-cta__bg-wrapper\">\n<div class=\"elementor-cta__bg elementor-bg\" style=\"background-image: url(https:\/\/zootdoll.com\/wp-content\/uploads\/2024\/04\/redirect-1.jpg);\" role=\"img\" aria-label=\"reindirizzamento.jpg\"><\/div>\n<div class=\"elementor-cta__bg-overlay\"><\/div>\n<\/p><\/div>\n<div class=\"elementor-cta__content\">\n<h2 class=\"elementor-cta__title elementor-cta__content-item elementor-content-item elementor-animated-item--grow\">\n\t\t\t\t\t\tOltre 2500 piccole mini bambole sessuali <\/br>sexdollxxx.com\t\t\t\t\t<\/h2>\n<div class=\"elementor-cta__description elementor-cta__content-item elementor-content-item elementor-animated-item--grow\">\n\t\t\t\t\t\t40 cm, 60 cm, 80 cm, 100 cm, 120 cm, 140 cm\t\t\t\t\t<\/div>\n<div class=\"elementor-cta__button-wrapper elementor-cta__content-item elementor-content-item elementor-animated-item--grow\">\n\t\t\t\t\t<span class=\"elementor-cta__button elementor-button elementor-size-md\"><br \/>\n\t\t\t\t\t\tAcquistare ora\t\t\t\t\t<\/span>\n\t\t\t\t\t<\/div>\n<\/p><\/div>\n<p>\t\t\t\t\t\t<\/a>\n\t\t\t\t<\/div>\n<\/p><\/div>\n<\/p><\/div>\n<\/p><\/div>\n<\/p><\/div>\n<\/p><\/div>\n<\/p><\/div>","protected":false},"featured_media":15950,"comment_status":"closed","ping_status":"closed","template":"","meta":[],"product_cat":[790,796,797],"product_tag":[],"aioseo_notices":[],"_links":{"self":[{"href":"https:\/\/zootdoll.com\/it\/wp-json\/wp\/v2\/product\/20827"}],"collection":[{"href":"https:\/\/zootdoll.com\/it\/wp-json\/wp\/v2\/product"}],"about":[{"href":"https:\/\/zootdoll.com\/it\/wp-json\/wp\/v2\/types\/product"}],"replies":[{"embeddable":true,"href":"https:\/\/zootdoll.com\/it\/wp-json\/wp\/v2\/comments?post=20827"}],"version-history":[{"count":1,"href":"https:\/\/zootdoll.com\/it\/wp-json\/wp\/v2\/product\/20827\/revisions"}],"predecessor-version":[{"id":20828,"href":"https:\/\/zootdoll.com\/it\/wp-json\/wp\/v2\/product\/20827\/revisions\/20828"}],"wp:featuredmedia":[{"embeddable":true,"href":"https:\/\/zootdoll.com\/it\/wp-json\/wp\/v2\/media\/15950"}],"wp:attachment":[{"href":"https:\/\/zootdoll.com\/it\/wp-json\/wp\/v2\/media?parent=20827"}],"wp:term":[{"taxonomy":"product_cat","embeddable":true,"href":"https:\/\/zootdoll.com\/it\/wp-json\/wp\/v2\/product_cat?post=20827"},{"taxonomy":"product_tag","embeddable":true,"href":"https:\/\/zootdoll.com\/it\/wp-json\/wp\/v2\/product_tag?post=20827"}],"curies":[{"name":"wp","href":"https:\/\/api.w.org\/{rel}","templated":true}]}}